{"id":33605,"date":"2025-08-10T15:58:14","date_gmt":"2025-08-10T15:58:14","guid":{"rendered":"https:\/\/bykerem.com\/?post_type=product&#038;p=33605"},"modified":"2025-08-10T17:06:29","modified_gmt":"2025-08-10T17:06:29","slug":"mb7500","status":"publish","type":"product","link":"https:\/\/bykerem.com\/en\/urun\/mb7500\/","title":{"rendered":"Myrtle Beach"},"content":{"rendered":"<p>70g, 100% polyacrylic<br \/>\nWith adjustable cuff, double knit, circumference: 40-58cm, hand wash, do not iron, do not tumble dry<br \/>\nSizes: one size<br \/>\nCustoms tariff number: 65050090 | Country of origin: China<\/p>","protected":false},"excerpt":{"rendered":"<p>70g, 100% Polyacryl Mit variablem Umschlag, doppelt gestrickt, Umfang: 40-58cm, Handw\u00e4sche, nicht b\u00fcgeln, nicht trocknergeeignet Gr\u00f6\u00dfen: onesize Zolltarifnummer: 65050090 |<\/p>","protected":false},"featured_media":33609,"comment_status":"closed","ping_status":"closed","template":"","meta":[],"product_brand":[],"product_cat":[20],"product_tag":[],"class_list":{"0":"post-33605","1":"product","2":"type-product","3":"status-publish","4":"has-post-thumbnail","6":"product_cat-none","8":"first","9":"instock","10":"taxable","11":"shipping-taxable","12":"purchasable","13":"product-type-variable","14":"has-default-attributes"},"_links":{"self":[{"href":"https:\/\/bykerem.com\/en\/wp-json\/wp\/v2\/product\/33605","targetHints":{"allow":["GET"]}}],"collection":[{"href":"https:\/\/bykerem.com\/en\/wp-json\/wp\/v2\/product"}],"about":[{"href":"https:\/\/bykerem.com\/en\/wp-json\/wp\/v2\/types\/product"}],"replies":[{"embeddable":true,"href":"https:\/\/bykerem.com\/en\/wp-json\/wp\/v2\/comments?post=33605"}],"version-history":[{"count":3,"href":"https:\/\/bykerem.com\/en\/wp-json\/wp\/v2\/product\/33605\/revisions"}],"predecessor-version":[{"id":33845,"href":"https:\/\/bykerem.com\/en\/wp-json\/wp\/v2\/product\/33605\/revisions\/33845"}],"wp:featuredmedia":[{"embeddable":true,"href":"https:\/\/bykerem.com\/en\/wp-json\/wp\/v2\/media\/33609"}],"wp:attachment":[{"href":"https:\/\/bykerem.com\/en\/wp-json\/wp\/v2\/media?parent=33605"}],"wp:term":[{"taxonomy":"product_brand","embeddable":true,"href":"https:\/\/bykerem.com\/en\/wp-json\/wp\/v2\/product_brand?post=33605"},{"taxonomy":"product_cat","embeddable":true,"href":"https:\/\/bykerem.com\/en\/wp-json\/wp\/v2\/product_cat?post=33605"},{"taxonomy":"product_tag","embeddable":true,"href":"https:\/\/bykerem.com\/en\/wp-json\/wp\/v2\/product_tag?post=33605"}],"curies":[{"name":"wp","href":"https:\/\/api.w.org\/{rel}","templated":true}]}}