{"id":31675,"date":"2025-05-23T15:46:46","date_gmt":"2025-05-23T15:46:46","guid":{"rendered":"https:\/\/bykerem.com\/?page_id=31675"},"modified":"2025-07-19T18:30:29","modified_gmt":"2025-07-19T18:30:29","slug":"fernabsatzvertrag","status":"publish","type":"page","link":"https:\/\/bykerem.com\/en\/fernabsatzvertrag\/","title":{"rendered":"Distance sales contract"},"content":{"rendered":"<div data-elementor-type=\"wp-page\" data-elementor-id=\"31675\" class=\"elementor elementor-31675\">\n\t\t\t\t<div class=\"wd-negative-gap elementor-element elementor-element-67ad046 e-flex e-con-boxed e-con e-parent\" data-id=\"67ad046\" data-element_type=\"container\" data-e-type=\"container\">\n\t\t\t\t\t<div class=\"e-con-inner\">\n\t\t\t\t<div class=\"elementor-element elementor-element-97c567a elementor-widget elementor-widget-wd_text_block\" data-id=\"97c567a\" data-element_type=\"widget\" data-e-type=\"widget\" data-widget_type=\"wd_text_block.default\">\n\t\t\t\t<div class=\"elementor-widget-container\">\n\t\t\t\t\t\t\t<div class=\"wd-text-block reset-last-child text-left\">\n\t\t\t\n\t\t\t<div style=\"max-width: 900px; margin: auto; font-family: Arial, sans-serif; line-height: 1.6; color: #333;\"><h1>Distance sales contract<\/h1><p>This contract is concluded within the framework of distance selling. Distance selling contracts are contracts in which the contract is concluded exclusively using means of distance communication,<br \/>without the trader and the consumer meeting at the same place at the same time.<\/p><h2>1. Subject matter of the contract<\/h2><p>The subject matter of the contract is determined from the respective product description on our website.<\/p><h2>2. Conclusion of contract<\/h2><p>The presentation of products in the online shop does not constitute a legally binding offer, but rather an invitation to place an order. By clicking the &quot;Submit order&quot; button, you submit a binding offer to purchase.<br \/>We will confirm receipt of your order immediately by email. The contract is concluded when we accept your order by sending an order confirmation.<\/p><h2>3. Right of withdrawal<\/h2><p>Consumers have a 14-day right of withdrawal in accordance with statutory provisions. This period begins upon receipt of the goods. Further information on the right of withdrawal can be found in our <a href=\"\/en\/widerrufsbelehrung\/\">Cancellation policy<\/a>.<\/p><h2>4. Prices and payment terms<\/h2><p>All prices include VAT and exclude shipping costs, unless otherwise stated. Payment is made according to the selected payment method.<\/p><h2>5. Delivery<\/h2><p>Delivery will be made to the address provided by the customer. Delivery times are stated on the respective product page and are non-binding unless otherwise agreed.<\/p><h2>6. Retention of title<\/h2><p>The goods remain our property until full payment has been made.<\/p><h2>7. Applicable law and place of jurisdiction<\/h2><p>The laws of the Federal Republic of Germany apply. The place of jurisdiction, to the extent permitted by law, is our registered office.<\/p><p>For further details or questions please contact us at:<br \/>The Trift 10 63263<br \/>Neu-Isenburg \/ Germany<br \/>info@bykerem.com<\/p><\/div>\n\t\t\t\t\t<\/div>\n\t\t\t\t\t\t<\/div>\n\t\t\t\t<\/div>\n\t\t\t\t\t<\/div>\n\t\t\t\t<\/div>\n\t\t\t\t<\/div>","protected":false},"excerpt":{"rendered":"<p>Fernabsatzvertrag Dieser Vertrag wird im Rahmen des Fernabsatzes geschlossen. Fernabsatzvertr\u00e4ge sind Vertr\u00e4ge, bei denen der Vertragsschluss ausschlie\u00dflich unter Verwendung von<\/p>","protected":false},"author":1,"featured_media":0,"parent":0,"menu_order":0,"comment_status":"closed","ping_status":"closed","template":"","meta":{"footnotes":""},"class_list":["post-31675","page","type-page","status-publish","hentry"],"_links":{"self":[{"href":"https:\/\/bykerem.com\/en\/wp-json\/wp\/v2\/pages\/31675","targetHints":{"allow":["GET"]}}],"collection":[{"href":"https:\/\/bykerem.com\/en\/wp-json\/wp\/v2\/pages"}],"about":[{"href":"https:\/\/bykerem.com\/en\/wp-json\/wp\/v2\/types\/page"}],"author":[{"embeddable":true,"href":"https:\/\/bykerem.com\/en\/wp-json\/wp\/v2\/users\/1"}],"replies":[{"embeddable":true,"href":"https:\/\/bykerem.com\/en\/wp-json\/wp\/v2\/comments?post=31675"}],"version-history":[{"count":14,"href":"https:\/\/bykerem.com\/en\/wp-json\/wp\/v2\/pages\/31675\/revisions"}],"predecessor-version":[{"id":32860,"href":"https:\/\/bykerem.com\/en\/wp-json\/wp\/v2\/pages\/31675\/revisions\/32860"}],"wp:attachment":[{"href":"https:\/\/bykerem.com\/en\/wp-json\/wp\/v2\/media?parent=31675"}],"curies":[{"name":"wp","href":"https:\/\/api.w.org\/{rel}","templated":true}]}}