{"id":31669,"date":"2025-05-23T15:44:01","date_gmt":"2025-05-23T15:44:01","guid":{"rendered":"https:\/\/bykerem.com\/?page_id=31669"},"modified":"2025-07-12T10:35:36","modified_gmt":"2025-07-12T10:35:36","slug":"uber_uns","status":"publish","type":"page","link":"https:\/\/bykerem.com\/en\/uber_uns\/","title":{"rendered":"About Us"},"content":{"rendered":"<div data-elementor-type=\"wp-page\" data-elementor-id=\"31669\" class=\"elementor elementor-31669\">\n\t\t\t\t<div class=\"wd-negative-gap elementor-element elementor-element-abde81f e-flex e-con-boxed e-con e-parent\" data-id=\"abde81f\" data-element_type=\"container\" data-e-type=\"container\">\n\t\t\t\t\t<div class=\"e-con-inner\">\n\t\t\t\t<div class=\"elementor-element elementor-element-bde88af elementor-widget elementor-widget-wd_text_block\" data-id=\"bde88af\" data-element_type=\"widget\" data-e-type=\"widget\" data-widget_type=\"wd_text_block.default\">\n\t\t\t\t<div class=\"elementor-widget-container\">\n\t\t\t\t\t\t\t<div class=\"wd-text-block reset-last-child text-left\">\n\t\t\t\n\t\t\t<p>Hakk\u0131m\u0131zda<\/p><p>2025 y\u0131l\u0131nda Siirt&#039;te kurulan Werebazare, tasar\u0131mlar\u0131m\u0131z\u0131n ve \u00fcr\u00fcnlerimizin and y\u00fcksek kalitede olmas\u0131na b\u00fcy\u00fck \u00f6nem veren, m\u00fc\u015fteri memnuniyetini temel alan bir firmad\u0131r. Amac\u0131m\u0131z, \u00f6zg\u00fcn ve \u015f\u0131k tasar\u0131mlar\u0131m\u0131z\u0131 uygun fiyatlarla de\u011ferli m\u00fc\u015fterilerimize sunarak onlar\u0131n ihtiya\u00e7 ve beklentilerini en iyi \u015fekilde kar\u015f\u0131lamakt\u0131r. Yenilik\u00e7i yakla\u015f\u0131mlar\u0131m\u0131z and kaliteli \u00fcr\u00fcnlerimizle sect\u00f6rde fark yaratmay\u0131 hedefliyoruz. M\u00fc\u015fterilerimize g\u00fcvenilir, uygun fiyatl\u0131 ve estetik \u00fcr\u00fcnler sunmak and b\u00fcy\u00fck \u00f6nceli\u011fimizdir.<\/p>\n\t\t\t\t\t<\/div>\n\t\t\t\t\t\t<\/div>\n\t\t\t\t<\/div>\n\t\t\t\t\t<\/div>\n\t\t\t\t<\/div>\n\t\t\t\t<\/div>","protected":false},"excerpt":{"rendered":"<p>Hakk\u0131m\u0131zda 2025 y\u0131l\u0131nda Siirt&#8217;te kurulan Werebazare, tasar\u0131mlar\u0131m\u0131z\u0131n ve \u00fcr\u00fcnlerimizin en y\u00fcksek kalitede olmas\u0131na b\u00fcy\u00fck \u00f6nem veren, m\u00fc\u015fteri memnuniyetini temel alan<\/p>","protected":false},"author":1,"featured_media":0,"parent":0,"menu_order":0,"comment_status":"closed","ping_status":"closed","template":"","meta":{"footnotes":""},"class_list":["post-31669","page","type-page","status-publish","hentry"],"_links":{"self":[{"href":"https:\/\/bykerem.com\/en\/wp-json\/wp\/v2\/pages\/31669","targetHints":{"allow":["GET"]}}],"collection":[{"href":"https:\/\/bykerem.com\/en\/wp-json\/wp\/v2\/pages"}],"about":[{"href":"https:\/\/bykerem.com\/en\/wp-json\/wp\/v2\/types\/page"}],"author":[{"embeddable":true,"href":"https:\/\/bykerem.com\/en\/wp-json\/wp\/v2\/users\/1"}],"replies":[{"embeddable":true,"href":"https:\/\/bykerem.com\/en\/wp-json\/wp\/v2\/comments?post=31669"}],"version-history":[{"count":5,"href":"https:\/\/bykerem.com\/en\/wp-json\/wp\/v2\/pages\/31669\/revisions"}],"predecessor-version":[{"id":32107,"href":"https:\/\/bykerem.com\/en\/wp-json\/wp\/v2\/pages\/31669\/revisions\/32107"}],"wp:attachment":[{"href":"https:\/\/bykerem.com\/en\/wp-json\/wp\/v2\/media?parent=31669"}],"curies":[{"name":"wp","href":"https:\/\/api.w.org\/{rel}","templated":true}]}}