{"id":33513,"date":"2025-08-10T15:33:46","date_gmt":"2025-08-10T15:33:46","guid":{"rendered":"https:\/\/bykerem.com\/?post_type=product&#038;p=33513"},"modified":"2025-08-11T13:36:33","modified_gmt":"2025-08-11T13:36:33","slug":"beechfield-b-65","status":"publish","type":"product","link":"http:\/\/bykerem.com\/en\/urun\/beechfield-b-65\/","title":{"rendered":"Beechfield-b-65"},"content":{"rendered":"<p>Pre-curved peak, reinforced front panels, embroidered ventilation holes, fabric strap with tri-glide buckle, circumference: 57-60cm, clean only with a sponge, do not wash<br \/>\nSizes: one size<br \/>\nCustoms tariff number: 65050030 | Country of origin: China<\/p>","protected":false},"excerpt":{"rendered":"<p>Vorgeformter Schirm, Frontpanele verst\u00e4rkt, gestickte Luftl\u00f6cher, Stoffband mit tri-glide Schnalle, Umfang: 57-60cm, nur mit einem Schwamm reinigen, nicht waschen Gr\u00f6\u00dfen:<\/p>","protected":false},"featured_media":33586,"comment_status":"open","ping_status":"closed","template":"","meta":[],"product_brand":[],"product_cat":[20],"product_tag":[],"class_list":{"0":"post-33513","1":"product","2":"type-product","3":"status-publish","4":"has-post-thumbnail","6":"product_cat-none","8":"first","9":"instock","10":"taxable","11":"shipping-taxable","12":"purchasable","13":"product-type-variable","14":"has-default-attributes"},"_links":{"self":[{"href":"http:\/\/bykerem.com\/en\/wp-json\/wp\/v2\/product\/33513","targetHints":{"allow":["GET"]}}],"collection":[{"href":"http:\/\/bykerem.com\/en\/wp-json\/wp\/v2\/product"}],"about":[{"href":"http:\/\/bykerem.com\/en\/wp-json\/wp\/v2\/types\/product"}],"replies":[{"embeddable":true,"href":"http:\/\/bykerem.com\/en\/wp-json\/wp\/v2\/comments?post=33513"}],"version-history":[{"count":2,"href":"http:\/\/bykerem.com\/en\/wp-json\/wp\/v2\/product\/33513\/revisions"}],"predecessor-version":[{"id":33604,"href":"http:\/\/bykerem.com\/en\/wp-json\/wp\/v2\/product\/33513\/revisions\/33604"}],"wp:featuredmedia":[{"embeddable":true,"href":"http:\/\/bykerem.com\/en\/wp-json\/wp\/v2\/media\/33586"}],"wp:attachment":[{"href":"http:\/\/bykerem.com\/en\/wp-json\/wp\/v2\/media?parent=33513"}],"wp:term":[{"taxonomy":"product_brand","embeddable":true,"href":"http:\/\/bykerem.com\/en\/wp-json\/wp\/v2\/product_brand?post=33513"},{"taxonomy":"product_cat","embeddable":true,"href":"http:\/\/bykerem.com\/en\/wp-json\/wp\/v2\/product_cat?post=33513"},{"taxonomy":"product_tag","embeddable":true,"href":"http:\/\/bykerem.com\/en\/wp-json\/wp\/v2\/product_tag?post=33513"}],"curies":[{"name":"wp","href":"https:\/\/api.w.org\/{rel}","templated":true}]}}