{"id":31994,"date":"2025-07-02T15:12:43","date_gmt":"2025-07-02T15:12:43","guid":{"rendered":"https:\/\/bykerem.com\/?post_type=product&#038;p=31994"},"modified":"2025-07-23T14:14:53","modified_gmt":"2025-07-23T14:14:53","slug":"267m","status":"publish","type":"product","link":"http:\/\/bykerem.com\/en\/urun\/267m\/","title":{"rendered":"Men&#039;s Sweat Jacket \u2013 Authentic"},"content":{"rendered":"<p>280g\/m\u00b2, 80% combed ring-spun cotton, 20% polyester<br \/>\nStraight cut, contrasting cadet collar, herringbone neckband, wider hem and cuffs, concealed YKK zipper in antique silver look, contrasting pockets, 3-thread sweat quality, surface made of 100% cotton, washable at 40\u00b0, suitable for tumble drying at low temperature<\/p>","protected":false},"excerpt":{"rendered":"<p>280g\/m\u00b2, 80% gek\u00e4mmte ringgesponnene Baumwolle, 20% Polyester Gerader Schnitt, abgesetzter Kadettkragen, Fischgr\u00e4t-Nackenband, Saum und B\u00fcndchen weiter geschnitten, verdeckter YKK Rei\u00dfverschluss<\/p>","protected":false},"featured_media":31943,"comment_status":"open","ping_status":"closed","template":"","meta":[],"product_brand":[],"product_cat":[124,123,125,71],"product_tag":[],"class_list":{"0":"post-31994","1":"product","2":"type-product","3":"status-publish","4":"has-post-thumbnail","6":"product_cat-cafe","7":"product_cat-markt","8":"product_cat-restaurant","9":"product_cat-tisort","11":"first","12":"instock","13":"taxable","14":"shipping-taxable","15":"purchasable","16":"product-type-variable"},"_links":{"self":[{"href":"http:\/\/bykerem.com\/en\/wp-json\/wp\/v2\/product\/31994","targetHints":{"allow":["GET"]}}],"collection":[{"href":"http:\/\/bykerem.com\/en\/wp-json\/wp\/v2\/product"}],"about":[{"href":"http:\/\/bykerem.com\/en\/wp-json\/wp\/v2\/types\/product"}],"replies":[{"embeddable":true,"href":"http:\/\/bykerem.com\/en\/wp-json\/wp\/v2\/comments?post=31994"}],"version-history":[{"count":7,"href":"http:\/\/bykerem.com\/en\/wp-json\/wp\/v2\/product\/31994\/revisions"}],"predecessor-version":[{"id":33323,"href":"http:\/\/bykerem.com\/en\/wp-json\/wp\/v2\/product\/31994\/revisions\/33323"}],"wp:featuredmedia":[{"embeddable":true,"href":"http:\/\/bykerem.com\/en\/wp-json\/wp\/v2\/media\/31943"}],"wp:attachment":[{"href":"http:\/\/bykerem.com\/en\/wp-json\/wp\/v2\/media?parent=31994"}],"wp:term":[{"taxonomy":"product_brand","embeddable":true,"href":"http:\/\/bykerem.com\/en\/wp-json\/wp\/v2\/product_brand?post=31994"},{"taxonomy":"product_cat","embeddable":true,"href":"http:\/\/bykerem.com\/en\/wp-json\/wp\/v2\/product_cat?post=31994"},{"taxonomy":"product_tag","embeddable":true,"href":"http:\/\/bykerem.com\/en\/wp-json\/wp\/v2\/product_tag?post=31994"}],"curies":[{"name":"wp","href":"https:\/\/api.w.org\/{rel}","templated":true}]}}